{"id":3944,"date":"2020-09-10T20:01:00","date_gmt":"2020-09-10T23:01:00","guid":{"rendered":"http:\/\/modelos-ideiaon.web239.uni5.net\/lojas\/pt\/001\/?page_id=3944"},"modified":"2020-10-13T01:12:31","modified_gmt":"2020-10-13T04:12:31","slug":"politica-de-privacidade-e-tratamento-de-dados","status":"publish","type":"page","link":"https:\/\/www.effigecrafts.com\/mercatto\/politica-de-privacidade-e-tratamento-de-dados\/","title":{"rendered":"Pol\u00edtica de Privacidade e Tratamento de Dados"},"content":{"rendered":"<h2>Pol\u00edtica de Privacidade e Tratamento de Dados<\/h2>\n<p>Os dados cadastrais informados durante o processo de compra em nosso site, n\u00e3o s\u00e3o divulgados para terceiros, com exce\u00e7\u00e3o quando \u00e9 necess\u00e1rio para um processo de entrega ou pagamento com a operadora escolhida na finaliza\u00e7\u00e3o do seu pedido, sendo que dados de pagamento relacionados a conta banc\u00e1ria ou cart\u00e3o de cr\u00e9dito s\u00e3o sempre informados na operadora de pagamento e n\u00e3o em nossa loja que em nenhum momento tem acesso a estas informa\u00e7\u00f5es.<\/p>\n<p><strong>Em que momento seus dados s\u00e3o captados<\/strong><\/p>\n<p>As informa\u00e7\u00f5es captadas s\u00e3o por meio dos formul\u00e1rios de cadastro \/ finaliza\u00e7\u00e3o \/ contato \/ newsletter.<\/p>\n<p><strong>Onde os dados informados s\u00e3o utilizados<\/strong><\/p>\n<ul>\n<li>Entrega dos produtos<\/li>\n<li>Possibilitar informar sobre status\/andamento do pedido<\/li>\n<li>Possibilitar a realiza\u00e7\u00e3o de trocas<\/li>\n<li>Informar sobre eventuais promo\u00e7\u00f5es e novidades sobre os produtos\/servi\u00e7os<\/li>\n<\/ul>\n<p>\u00c9 importante que fique claro que para que seu pedido seja finalizado e processado, estes dados s\u00e3o necess\u00e1rios, portanto ao finalizar seu contato, cadastro ou pedido est\u00e1 permitindo seu consentimento de uso dos dados para os processos informados nesta p\u00e1gina.<\/p>\n<p><strong>Ficando claro que a Lei geral de Prote\u00e7\u00e3o de dados (LGPD) d\u00e1 o direto para o cliente revogar ou pedir revis\u00e3o de seus dados em nossa loja a qualquer momento, por meio dos nossos canais de atendimento informados no site.<\/strong><\/p>\n","protected":false},"excerpt":{"rendered":"<p>Pol\u00edtica de Privacidade e Tratamento de Dados Os dados cadastrais informados durante o processo de compra em nosso site, n\u00e3o s\u00e3o divulgados para terceiros, com exce\u00e7\u00e3o quando \u00e9 necess\u00e1rio para um processo de entrega ou pagamento com a operadora escolhida na finaliza\u00e7\u00e3o do seu pedido, sendo que dados de pagamento relacionados a conta banc\u00e1ria ou [&hellip;]<\/p>\n","protected":false},"author":1,"featured_media":0,"parent":0,"menu_order":99,"comment_status":"closed","ping_status":"closed","template":"","meta":{"footnotes":""},"class_list":["post-3944","page","type-page","status-publish","hentry"],"_links":{"self":[{"href":"https:\/\/www.effigecrafts.com\/mercatto\/wp-json\/wp\/v2\/pages\/3944","targetHints":{"allow":["GET"]}}],"collection":[{"href":"https:\/\/www.effigecrafts.com\/mercatto\/wp-json\/wp\/v2\/pages"}],"about":[{"href":"https:\/\/www.effigecrafts.com\/mercatto\/wp-json\/wp\/v2\/types\/page"}],"author":[{"embeddable":true,"href":"https:\/\/www.effigecrafts.com\/mercatto\/wp-json\/wp\/v2\/users\/1"}],"replies":[{"embeddable":true,"href":"https:\/\/www.effigecrafts.com\/mercatto\/wp-json\/wp\/v2\/comments?post=3944"}],"version-history":[{"count":3,"href":"https:\/\/www.effigecrafts.com\/mercatto\/wp-json\/wp\/v2\/pages\/3944\/revisions"}],"predecessor-version":[{"id":4088,"href":"https:\/\/www.effigecrafts.com\/mercatto\/wp-json\/wp\/v2\/pages\/3944\/revisions\/4088"}],"wp:attachment":[{"href":"https:\/\/www.effigecrafts.com\/mercatto\/wp-json\/wp\/v2\/media?parent=3944"}],"curies":[{"name":"wp","href":"https:\/\/api.w.org\/{rel}","templated":true}]}}