{"id":4551,"date":"2023-04-10T10:46:18","date_gmt":"2023-04-10T13:46:18","guid":{"rendered":"https:\/\/www.effigecrafts.com\/?post_type=product&#038;p=4551"},"modified":"2026-04-03T21:49:36","modified_gmt":"2026-04-04T00:49:36","slug":"tote-bag-reflex","status":"publish","type":"product","link":"https:\/\/www.effigecrafts.com\/mercatto\/produto\/tote-bag-reflex\/","title":{"rendered":"Tote Bag Reflex"},"content":{"rendered":"<p>A Tote Bag Reflex, tem o seu corpo externo confeccionado com tecido de alta refletividade, ela confere um look ex\u00f3tico e luminoso a qualquer hora do dia.<br \/>\nPerfeita para carregar o seu notebook, e ainda sobra espa\u00e7o para carteira, celular, maquiagem e o que mais voc\u00ea precisar carregar.<br \/>\nPossui sua al\u00e7a confeccionada com uma tira super resistente tamb\u00e9m refletiva na cor do forro interno da bolsa.<\/p>\n<p>Escolha a sua cor e saia brilhando por a\u00ed !<\/p>\n<p>Dimens\u00f5es: 42 cm(largura) x 42 cm (atura) x 12 cm ( profundidade)<\/p>\n","protected":false},"excerpt":{"rendered":"<p>A tote bag Reflex tem um visual incr\u00edvel e \u00e9 super pr\u00e1tica, ela \u00e9 confeccionada em tecido refletivo na sua parte externa e\u00a0 proporciona mais seguran\u00e7a na sua caminhada.<\/p>\n<p>&nbsp;<\/p>\n","protected":false},"featured_media":5005,"template":"","meta":[],"product_brand":[],"product_cat":[351,374],"product_tag":[356,375,376,377],"class_list":{"0":"post-4551","1":"product","2":"type-product","3":"status-publish","4":"has-post-thumbnail","6":"product_cat-bolsas","7":"product_cat-tote-bag","8":"product_tag-basica","9":"product_tag-fitness","10":"product_tag-moda-praia","11":"product_tag-reflexiva","13":"first","14":"onbackorder","15":"shipping-taxable","16":"purchasable","17":"product-type-simple"},"_links":{"self":[{"href":"https:\/\/www.effigecrafts.com\/mercatto\/wp-json\/wp\/v2\/product\/4551","targetHints":{"allow":["GET"]}}],"collection":[{"href":"https:\/\/www.effigecrafts.com\/mercatto\/wp-json\/wp\/v2\/product"}],"about":[{"href":"https:\/\/www.effigecrafts.com\/mercatto\/wp-json\/wp\/v2\/types\/product"}],"wp:featuredmedia":[{"embeddable":true,"href":"https:\/\/www.effigecrafts.com\/mercatto\/wp-json\/wp\/v2\/media\/5005"}],"wp:attachment":[{"href":"https:\/\/www.effigecrafts.com\/mercatto\/wp-json\/wp\/v2\/media?parent=4551"}],"wp:term":[{"taxonomy":"product_brand","embeddable":true,"href":"https:\/\/www.effigecrafts.com\/mercatto\/wp-json\/wp\/v2\/product_brand?post=4551"},{"taxonomy":"product_cat","embeddable":true,"href":"https:\/\/www.effigecrafts.com\/mercatto\/wp-json\/wp\/v2\/product_cat?post=4551"},{"taxonomy":"product_tag","embeddable":true,"href":"https:\/\/www.effigecrafts.com\/mercatto\/wp-json\/wp\/v2\/product_tag?post=4551"}],"curies":[{"name":"wp","href":"https:\/\/api.w.org\/{rel}","templated":true}]}}