{"id":5374,"date":"2026-04-02T22:29:20","date_gmt":"2026-04-03T01:29:20","guid":{"rendered":"https:\/\/www.effigecrafts.com\/studio\/?page_id=5374"},"modified":"2026-04-03T22:35:01","modified_gmt":"2026-04-04T01:35:01","slug":"prototipagem-artesanal","status":"publish","type":"page","link":"https:\/\/www.effigecrafts.com\/studio\/prototipagem-artesanal\/","title":{"rendered":"Prototipagem Artesanal"},"content":{"rendered":"\t\t<div data-elementor-type=\"wp-post\" data-elementor-id=\"5374\" class=\"elementor elementor-5374\" data-elementor-post-type=\"page\">\n\t\t\t\t<div class=\"elementor-element elementor-element-6664d9b e-con-full e-flex e-con e-parent\" data-id=\"6664d9b\" data-element_type=\"container\" data-e-type=\"container\" data-settings=\"{&quot;background_background&quot;:&quot;classic&quot;}\">\r\n\t\t\t\t<div class=\"elementor-element elementor-element-ad8d5dc elementor-widget elementor-widget-heading\" data-id=\"ad8d5dc\" data-element_type=\"widget\" data-e-type=\"widget\" data-widget_type=\"heading.default\">\n\t\t\t\t<div class=\"elementor-widget-container\">\n\t\t\t\t\t<h1 class=\"elementor-heading-title elementor-size-default\">Prototipagem Artesanal<\/h1>\t\t\t\t<\/div>\n\t\t\t\t<\/div>\n\t\t\t\t<\/div>\n\t\t<div class=\"elementor-element elementor-element-392ae8f e-flex e-con-boxed e-con e-parent\" data-id=\"392ae8f\" data-element_type=\"container\" data-e-type=\"container\" data-settings=\"{&quot;background_background&quot;:&quot;classic&quot;}\">\r\n\t\t\t\t\t<div class=\"e-con-inner\">\r\n\t\t<div class=\"elementor-element elementor-element-a2ecf2a e-con-full e-flex e-con e-child\" data-id=\"a2ecf2a\" data-element_type=\"container\" data-e-type=\"container\">\r\n\t\t\t\t<div class=\"elementor-element elementor-element-b256ae9 elementor-widget elementor-widget-text-editor\" data-id=\"b256ae9\" data-element_type=\"widget\" data-e-type=\"widget\" data-widget_type=\"text-editor.default\">\n\t\t\t\t<div class=\"elementor-widget-container\">\n\t\t\t\t\t\t\t\t\t<p><strong>Por que prototipamos?<\/strong><\/p><p>Na produ\u00e7\u00e3o artesanal de alto padr\u00e3o, o erro n\u00e3o \u00e9 uma op\u00e7\u00e3o. A fase de prototipagem \u00e9 o momento em que a ideia ganha forma f\u00edsica, onde testamos a viabilidade t\u00e9cnica, o caimento dos materiais e a ergonomia de cada pe\u00e7a.<\/p><p>Cobrar por esta etapa garante que dediquemos tempo exclusivo para refinar detalhes que n\u00e3o aparecem no desenho, mas que definem a durabilidade e o luxo do item final. O prot\u00f3tipo \u00e9 a seguran\u00e7a de que o seu investimento resultar\u00e1 em uma pe\u00e7a impec\u00e1vel, executada com a precis\u00e3o que o trabalho manual exige.<\/p><p>Criar uma pe\u00e7a \u00fanica exige mais do que habilidade; exige estudo. A prototipagem \u00e9 uma etapa de consultoria t\u00e9cnica e design aplicado. Nela, consumimos tempo, insumos e conhecimento especializado para criar o molde perfeito.<\/p><p>Ao investir nesta fase, voc\u00ea n\u00e3o est\u00e1 adquirindo apenas um teste, mas assegurando que a escolha de cada componente e a estrutura da pe\u00e7a foram validadas antes da montagem definitiva. \u00c9 o rigor t\u00e9cnico a servi\u00e7o da est\u00e9tica.<\/p><p>Esta etapa, envolve a cria\u00e7\u00e3o de moldes exclusivos e testes estruturais que consomem recursos e horas de bancada especializadas. Este valor \u00e9 essencial para viabilizar a cria\u00e7\u00e3o de algo que ainda n\u00e3o existe, transformando um conceito em uma realidade t\u00e9cnica segura e duradoura.<\/p><p>Ningu\u00e9m constr\u00f3i um pr\u00e9dio sem planta; ningu\u00e9m faz um acess\u00f3rio de luxo sem prot\u00f3tipo.<\/p><p>No do cliente aprove a produ\u00e7\u00e3o em s\u00e9rie ou o item final de alto valor, uma porcentagem do custo do prot\u00f3tipo pode ser abatida do valor total.<\/p>\t\t\t\t\t\t\t\t<\/div>\n\t\t\t\t<\/div>\n\t\t\t\t<\/div>\n\t\t<div class=\"elementor-element elementor-element-926c930 e-con-full e-flex e-con e-child\" data-id=\"926c930\" data-element_type=\"container\" data-e-type=\"container\">\r\n\t\t\t\t<div class=\"elementor-element elementor-element-6102bea elementor-widget elementor-widget-heading\" data-id=\"6102bea\" data-element_type=\"widget\" data-e-type=\"widget\" data-widget_type=\"heading.default\">\n\t\t\t\t<div class=\"elementor-widget-container\">\n\t\t\t\t\t<h2 class=\"elementor-heading-title elementor-size-default\">Preencha os campos abaixos e solicite um or\u00e7amento para a sua pe\u00e7a exclusiva<\/h2>\t\t\t\t<\/div>\n\t\t\t\t<\/div>\n\t\t\t\t<div class=\"elementor-element elementor-element-530dc30 elementor-widget elementor-widget-shortcode\" data-id=\"530dc30\" data-element_type=\"widget\" data-e-type=\"widget\" data-widget_type=\"shortcode.default\">\n\t\t\t\t<div class=\"elementor-widget-container\">\n\t\t\t\t\t\t\t<div class=\"elementor-shortcode\"><div class=\"forminator-ui forminator-custom-form forminator-custom-form-5360 forminator-design--flat  forminator_ajax\" data-forminator-render=\"0\" data-form=\"forminator-module-5360\" data-uid=\"69eb64dfda7c4\"><br\/><\/div><form\n\t\t\t\tid=\"forminator-module-5360\"\n\t\t\t\tclass=\"forminator-ui forminator-custom-form forminator-custom-form-5360 forminator-design--flat  forminator_ajax\"\n\t\t\t\tmethod=\"post\"\n\t\t\t\tdata-forminator-render=\"0\"\n\t\t\t\tdata-form-id=\"5360\"\n\t\t\t\tenctype=\"multipart\/form-data\" data-color-option=\"default\" data-design=\"flat\" data-grid=\"open\" style=\"display: none;\"\n\t\t\t\tdata-uid=\"69eb64dfda7c4\"\n\t\t\t><div role=\"alert\" aria-live=\"polite\" class=\"forminator-response-message forminator-error\" aria-hidden=\"true\"><\/div><div class=\"forminator-row\"><div id=\"name-1\" class=\"forminator-field-name forminator-col forminator-col-6 \"><div class=\"forminator-field\"><label for=\"forminator-field-name-1_69eb64dfda7c4\" id=\"forminator-field-name-1_69eb64dfda7c4-label\" class=\"forminator-label\">Nome<\/label><input type=\"text\" name=\"name-1\" value=\"\" placeholder=\"\" id=\"forminator-field-name-1_69eb64dfda7c4\" class=\"forminator-input forminator-name--field\" aria-required=\"false\" autocomplete=\"name\" \/><\/div><\/div><div id=\"phone-1\" class=\"forminator-field-phone forminator-col forminator-col-6 \"><div class=\"forminator-field\"><label for=\"forminator-field-phone-1_69eb64dfda7c4\" id=\"forminator-field-phone-1_69eb64dfda7c4-label\" class=\"forminator-label\">Telefone<\/label><input type=\"text\" name=\"phone-1\" value=\"\" placeholder=\"\" id=\"forminator-field-phone-1_69eb64dfda7c4\" class=\"forminator-input forminator-field--phone\" data-required=\"\" aria-required=\"false\" autocomplete=\"off\" \/><\/div><\/div><\/div><div class=\"forminator-row\"><div id=\"email-1\" class=\"forminator-field-email forminator-col forminator-col-6 \"><div class=\"forminator-field\"><label for=\"forminator-field-email-1_69eb64dfda7c4\" id=\"forminator-field-email-1_69eb64dfda7c4-label\" class=\"forminator-label\">E-mail<\/label><input type=\"email\" name=\"email-1\" value=\"\" placeholder=\"\" id=\"forminator-field-email-1_69eb64dfda7c4\" class=\"forminator-input forminator-email--field\" data-required=\"\" aria-required=\"false\" autocomplete=\"email\" \/><\/div><\/div><div id=\"text-1\" class=\"forminator-field-text forminator-col forminator-col-6 \"><div class=\"forminator-field\"><label for=\"forminator-field-text-1_69eb64dfda7c4\" id=\"forminator-field-text-1_69eb64dfda7c4-label\" class=\"forminator-label\">Assunto<\/label><input type=\"text\" name=\"text-1\" value=\"\" placeholder=\"\" id=\"forminator-field-text-1_69eb64dfda7c4\" class=\"forminator-input forminator-name--field\" data-required=\"\" \/><\/div><\/div><\/div><div class=\"forminator-row\"><div id=\"textarea-1\" class=\"forminator-field-textarea forminator-col forminator-col-12 \"><div class=\"forminator-field\"><label for=\"forminator-field-textarea-1_69eb64dfda7c4\" id=\"forminator-field-textarea-1_69eb64dfda7c4-label\" class=\"forminator-label\">Descreva a pe\u00e7a que voc\u00ea gostaria de criar.<\/label><textarea name=\"textarea-1\" placeholder=\"\" id=\"forminator-field-textarea-1_69eb64dfda7c4\" class=\"forminator-textarea\" rows=\"6\" style=\"--forminator-textarea-min-height:140px;\" ><\/textarea><\/div><\/div><\/div><div class=\"forminator-row\"><div id=\"upload-1\" class=\"forminator-field-upload forminator-col forminator-col-12 \"><div class=\"forminator-field\"><label for=\"forminator-field-upload-1_69eb64dfda7c4\" id=\"forminator-field-upload-1_69eb64dfda7c4-label\" class=\"forminator-label\">Anexe aqui um arquivo para refer\u00eancia do que voc\u00ea gostaria de prototipar.<\/label><div class=\"forminator-file-upload \" data-element=\"upload-1_69eb64dfda7c4\"><input type=\"file\" name=\"upload-1\" id=\"forminator-field-upload-1_69eb64dfda7c4\" class=\"forminator-input-file\" accept=\".avif,.heif,.heics,.heifs,.mp4,.m4v,.png,.jpg,.jpeg,.jpe,.heic,.webp,.docx,.doc,.pot,.pps,.ppt,.wmv,.pdf,.txt,.asc,.c,.cc,.h,.srt\" tabindex=\"-1\"><button id=\"forminator-field-upload-1_69eb64dfda7c4_button\" class=\"forminator-button forminator-button-upload\" data-id=\"forminator-field-upload-1_69eb64dfda7c4\">Selecione Arquivo<\/button><span data-empty-text=\"Nenhum arquivo selecionado ainda\">Nenhum arquivo selecionado ainda<\/span><button class=\"forminator-button-delete\" style=\"display: none;\"><i class=\"forminator-icon-close\" aria-hidden=\"true\"><\/i><span class=\"forminator-screen-reader-only\">Deletar arquivo enviado<\/span><\/button><\/div><\/div><\/div><\/div><input type=\"hidden\" name=\"referer_url\" value=\"\" \/><div class=\"forminator-row forminator-row-last\"><div class=\"forminator-col\"><div class=\"forminator-field\"><button class=\"forminator-button forminator-button-submit\">Enviar<\/button><\/div><\/div><\/div><input type=\"hidden\" id=\"forminator_nonce\" name=\"forminator_nonce\" value=\"4e7157eae7\" \/><input type=\"hidden\" name=\"_wp_http_referer\" value=\"\/studio\/wp-json\/wp\/v2\/pages\/5374\" \/><input type=\"hidden\" name=\"form_id\" value=\"5360\"><input type=\"hidden\" name=\"page_id\" value=\"5374\"><input type=\"hidden\" name=\"form_type\" value=\"default\"><input type=\"hidden\" name=\"current_url\" value=\"https:\/\/www.effigecrafts.com\/studio\/prototipagem-artesanal\/\"><input type=\"hidden\" name=\"render_id\" value=\"0\"><input type=\"hidden\" name=\"action\" value=\"forminator_submit_form_custom-forms\"><\/form><\/div>\n\t\t\t\t\t\t<\/div>\n\t\t\t\t<\/div>\n\t\t\t\t<\/div>\n\t\t\t\t\t<\/div>\n\t\t\t\t<\/div>\n\t\t\t\t<\/div>\n\t\t","protected":false},"excerpt":{"rendered":"<p>Por que prototipamos? Na produ\u00e7\u00e3o artesanal de alto padr\u00e3o, o erro n\u00e3o \u00e9 uma op\u00e7\u00e3o. A fase de prototipagem \u00e9 o momento em que a ideia ganha forma f\u00edsica, onde testamos a viabilidade t\u00e9cnica, o caimento dos materiais e a ergonomia de cada pe\u00e7a. Cobrar por esta etapa garante que dediquemos tempo exclusivo para refinar [&hellip;]<\/p>\n","protected":false},"author":1,"featured_media":0,"parent":0,"menu_order":6,"comment_status":"closed","ping_status":"closed","template":"elementor_header_footer","meta":{"footnotes":""},"class_list":["post-5374","page","type-page","status-publish","hentry"],"_links":{"self":[{"href":"https:\/\/www.effigecrafts.com\/studio\/wp-json\/wp\/v2\/pages\/5374","targetHints":{"allow":["GET"]}}],"collection":[{"href":"https:\/\/www.effigecrafts.com\/studio\/wp-json\/wp\/v2\/pages"}],"about":[{"href":"https:\/\/www.effigecrafts.com\/studio\/wp-json\/wp\/v2\/types\/page"}],"author":[{"embeddable":true,"href":"https:\/\/www.effigecrafts.com\/studio\/wp-json\/wp\/v2\/users\/1"}],"replies":[{"embeddable":true,"href":"https:\/\/www.effigecrafts.com\/studio\/wp-json\/wp\/v2\/comments?post=5374"}],"version-history":[{"count":3,"href":"https:\/\/www.effigecrafts.com\/studio\/wp-json\/wp\/v2\/pages\/5374\/revisions"}],"predecessor-version":[{"id":5389,"href":"https:\/\/www.effigecrafts.com\/studio\/wp-json\/wp\/v2\/pages\/5374\/revisions\/5389"}],"wp:attachment":[{"href":"https:\/\/www.effigecrafts.com\/studio\/wp-json\/wp\/v2\/media?parent=5374"}],"curies":[{"name":"wp","href":"https:\/\/api.w.org\/{rel}","templated":true}]}}