{"id":5377,"date":"2026-04-02T22:29:48","date_gmt":"2026-04-03T01:29:48","guid":{"rendered":"https:\/\/www.effigecrafts.com\/studio\/?page_id=5377"},"modified":"2026-04-03T22:44:17","modified_gmt":"2026-04-04T01:44:17","slug":"agende-uma-visita","status":"publish","type":"page","link":"https:\/\/www.effigecrafts.com\/studio\/agende-uma-visita\/","title":{"rendered":"Agende uma visita"},"content":{"rendered":"\t\t<div data-elementor-type=\"wp-post\" data-elementor-id=\"5377\" class=\"elementor elementor-5377\" data-elementor-post-type=\"page\">\n\t\t\t\t<div class=\"elementor-element elementor-element-696ca4f e-flex e-con-boxed e-con e-parent\" data-id=\"696ca4f\" data-element_type=\"container\" data-e-type=\"container\" data-settings=\"{&quot;background_background&quot;:&quot;classic&quot;}\">\r\n\t\t\t\t\t<div class=\"e-con-inner\">\r\n\t\t\t\t<div class=\"elementor-element elementor-element-65eaeda elementor-widget elementor-widget-heading\" data-id=\"65eaeda\" data-element_type=\"widget\" data-e-type=\"widget\" data-widget_type=\"heading.default\">\n\t\t\t\t<div class=\"elementor-widget-container\">\n\t\t\t\t\t<h1 class=\"elementor-heading-title elementor-size-default\">Agende uma visita<\/h1>\t\t\t\t<\/div>\n\t\t\t\t<\/div>\n\t\t\t\t\t<\/div>\n\t\t\t\t<\/div>\n\t\t<div class=\"elementor-element elementor-element-9b65ea0 e-flex e-con-boxed e-con e-parent\" data-id=\"9b65ea0\" data-element_type=\"container\" data-e-type=\"container\" data-settings=\"{&quot;background_background&quot;:&quot;classic&quot;}\">\r\n\t\t\t\t\t<div class=\"e-con-inner\">\r\n\t\t<div class=\"elementor-element elementor-element-a702579 e-con-full e-flex e-con e-child\" data-id=\"a702579\" data-element_type=\"container\" data-e-type=\"container\">\r\n\t\t\t\t<div class=\"elementor-element elementor-element-235167f elementor-widget elementor-widget-text-editor\" data-id=\"235167f\" data-element_type=\"widget\" data-e-type=\"widget\" data-widget_type=\"text-editor.default\">\n\t\t\t\t<div class=\"elementor-widget-container\">\n\t\t\t\t\t\t\t\t\t<p>A G\u00eanese do Objeto: Um Convite \u00e0 Imers\u00e3o<br \/>Acreditamos que a compreens\u00e3o profunda de uma pe\u00e7a artesanal revela-se no sil\u00eancio do ateli\u00ea, onde o tempo \u00e9 medido pela precis\u00e3o de cada corte e pela cad\u00eancia do trabalho manual. Para aqueles que desejam testemunhar a transforma\u00e7\u00e3o da mat\u00e9ria-prima e participar da concep\u00e7\u00e3o de seus projetos, abrimos as portas de nosso est\u00fadio para visitas privativas.<\/p><p>Este \u00e9 um momento dedicado \u00e0 aprecia\u00e7\u00e3o das texturas, \u00e0 sele\u00e7\u00e3o criteriosa das peles e ao alinhamento de detalhes que tornam cada obra uma extens\u00e3o da identidade de seu propriet\u00e1rio.<\/p><p>Para coordenarmos sua recep\u00e7\u00e3o com a aten\u00e7\u00e3o e a reserva que o of\u00edcio exige, convidamos voc\u00ea a manifestar seu interesse atrav\u00e9s de nossos canais de atendimento. Ser\u00e1 um prazer receb\u00ea-lo em nosso ambiente de cria\u00e7\u00e3o.<\/p>\t\t\t\t\t\t\t\t<\/div>\n\t\t\t\t<\/div>\n\t\t\t\t<\/div>\n\t\t<div class=\"elementor-element elementor-element-c1d1c09 e-con-full e-flex e-con e-child\" data-id=\"c1d1c09\" data-element_type=\"container\" data-e-type=\"container\">\r\n\t\t\t\t<div class=\"elementor-element elementor-element-1b0520f elementor-widget elementor-widget-shortcode\" data-id=\"1b0520f\" data-element_type=\"widget\" data-e-type=\"widget\" data-widget_type=\"shortcode.default\">\n\t\t\t\t<div class=\"elementor-widget-container\">\n\t\t\t\t\t\t\t<div class=\"elementor-shortcode\"><div class=\"forminator-ui forminator-custom-form forminator-custom-form-5361 forminator-design--flat  forminator_ajax\" data-forminator-render=\"0\" data-form=\"forminator-module-5361\" data-uid=\"69eb64e06e906\"><br\/><\/div><form\n\t\t\t\tid=\"forminator-module-5361\"\n\t\t\t\tclass=\"forminator-ui forminator-custom-form forminator-custom-form-5361 forminator-design--flat  forminator_ajax\"\n\t\t\t\tmethod=\"post\"\n\t\t\t\tdata-forminator-render=\"0\"\n\t\t\t\tdata-form-id=\"5361\"\n\t\t\t\t data-color-option=\"default\" data-design=\"flat\" data-grid=\"open\" style=\"display: none;\"\n\t\t\t\tdata-uid=\"69eb64e06e906\"\n\t\t\t><div role=\"alert\" aria-live=\"polite\" class=\"forminator-response-message forminator-error\" aria-hidden=\"true\"><\/div><div class=\"forminator-row\"><div id=\"name-1\" class=\"forminator-field-name forminator-col forminator-col-6 \"><div class=\"forminator-field\"><label for=\"forminator-field-name-1_69eb64e06e906\" id=\"forminator-field-name-1_69eb64e06e906-label\" class=\"forminator-label\">Nome<\/label><input type=\"text\" name=\"name-1\" value=\"\" placeholder=\"\" id=\"forminator-field-name-1_69eb64e06e906\" class=\"forminator-input forminator-name--field\" aria-required=\"false\" autocomplete=\"name\" \/><\/div><\/div><div id=\"phone-1\" class=\"forminator-field-phone forminator-col forminator-col-6 \"><div class=\"forminator-field\"><label for=\"forminator-field-phone-1_69eb64e06e906\" id=\"forminator-field-phone-1_69eb64e06e906-label\" class=\"forminator-label\">Telefone<\/label><input type=\"text\" name=\"phone-1\" value=\"\" placeholder=\"\" id=\"forminator-field-phone-1_69eb64e06e906\" class=\"forminator-input forminator-field--phone\" data-required=\"\" aria-required=\"false\" autocomplete=\"off\" \/><\/div><\/div><\/div><div class=\"forminator-row\"><div id=\"email-1\" class=\"forminator-field-email forminator-col forminator-col-6 \"><div class=\"forminator-field\"><label for=\"forminator-field-email-1_69eb64e06e906\" id=\"forminator-field-email-1_69eb64e06e906-label\" class=\"forminator-label\">E-mail<\/label><input type=\"email\" name=\"email-1\" value=\"\" placeholder=\"\" id=\"forminator-field-email-1_69eb64e06e906\" class=\"forminator-input forminator-email--field\" data-required=\"\" aria-required=\"false\" autocomplete=\"email\" \/><\/div><\/div><div id=\"text-1\" class=\"forminator-field-text forminator-col forminator-col-6 \"><div class=\"forminator-field\"><label for=\"forminator-field-text-1_69eb64e06e906\" id=\"forminator-field-text-1_69eb64e06e906-label\" class=\"forminator-label\">Assunto<\/label><input type=\"text\" name=\"text-1\" value=\"\" placeholder=\"\" id=\"forminator-field-text-1_69eb64e06e906\" class=\"forminator-input forminator-name--field\" data-required=\"\" \/><\/div><\/div><\/div><div class=\"forminator-row\"><div id=\"date-1\" class=\"forminator-field-date forminator-col forminator-col-12 \"><div class=\"forminator-field\"><label for=\"forminator-field-date-1-picker_69eb64e06e906\" id=\"forminator-field-date-1-picker_69eb64e06e906-label\" class=\"forminator-label\">Data<\/label><div class=\"forminator-input-with-icon\"><span class=\"forminator-icon-calendar\" aria-hidden=\"true\"><\/span><input autocomplete=\"off\" type=\"text\" size=\"1\" name=\"date-1\" value=\"\" placeholder=\"Escolher Data\" id=\"forminator-field-date-1-picker_69eb64e06e906\" class=\"forminator-input forminator-datepicker\" data-required=\"\" data-format=\"mm\/dd\/yy\" data-restrict-type=\"\" data-restrict=\"\" data-start-year=\"1926\" data-end-year=\"2126\" data-past-dates=\"enable\" data-start-of-week=\"0\" data-start-date=\"\" data-end-date=\"\" data-start-field=\"\" data-end-field=\"\" data-start-offset=\"\" data-end-offset=\"\" data-disable-date=\"\" data-disable-range=\"\" \/><\/div><\/div><\/div><\/div><div class=\"forminator-row\"><div id=\"time-1\" class=\"forminator-field-time forminator-col forminator-col-12 \"><div class=\"forminator-timepicker\" ><div class=\"forminator-row\" data-multiple=\"true\"><div id=\"time-1-hours\" class=\"forminator-col forminator-col-6\"><div class=\"forminator-field\"><label for=\"forminator-field-time-1-hours_69eb64e06e906\" id=\"forminator-field-time-1-hours_69eb64e06e906-label\" class=\"forminator-label\">Horas<\/label><input type=\"number\" name=\"time-1-hours\" min=\"0\" max=\"23\" placeholder=\"E.x. 08\" id=\"forminator-field-time-1-hours_69eb64e06e906\" class=\"forminator-input time-hours \" data-field=\"hours\" value=\"\" \/><\/div><\/div><div id=\"time-1-minutes\" class=\"forminator-col forminator-col-6\"><div class=\"forminator-field\"><label for=\"forminator-field-time-1-minutes_69eb64e06e906\" id=\"forminator-field-time-1-minutes_69eb64e06e906-label\" class=\"forminator-label\">Minutos<\/label><input type=\"number\" min=\"0\" max=\"59\" name=\"time-1-minutes\" placeholder=\"E.x. 00\" id=\"forminator-field-time-1-minutes_69eb64e06e906\" class=\"forminator-input time-minutes \" data-field=\"minutes\" value=\"\" \/><\/div><\/div><\/div><\/div><\/div><\/div><div class=\"forminator-row\"><div id=\"textarea-1\" class=\"forminator-field-textarea forminator-col forminator-col-12 \"><div class=\"forminator-field\"><label for=\"forminator-field-textarea-1_69eb64e06e906\" id=\"forminator-field-textarea-1_69eb64e06e906-label\" class=\"forminator-label\">Motivo da visita<\/label><textarea name=\"textarea-1\" placeholder=\"\" id=\"forminator-field-textarea-1_69eb64e06e906\" class=\"forminator-textarea\" rows=\"6\" style=\"--forminator-textarea-min-height:140px;\" ><\/textarea><\/div><\/div><\/div><input type=\"hidden\" name=\"referer_url\" value=\"\" \/><div class=\"forminator-row forminator-row-last\"><div class=\"forminator-col\"><div class=\"forminator-field\"><button class=\"forminator-button forminator-button-submit\">Enviar<\/button><\/div><\/div><\/div><input type=\"hidden\" id=\"forminator_nonce\" name=\"forminator_nonce\" value=\"0e5391960c\" \/><input type=\"hidden\" name=\"_wp_http_referer\" value=\"\/studio\/wp-json\/wp\/v2\/pages\/5377\" \/><input type=\"hidden\" name=\"form_id\" value=\"5361\"><input type=\"hidden\" name=\"page_id\" value=\"5377\"><input type=\"hidden\" name=\"form_type\" value=\"default\"><input type=\"hidden\" name=\"current_url\" value=\"https:\/\/www.effigecrafts.com\/studio\/agende-uma-visita\/\"><input type=\"hidden\" name=\"render_id\" value=\"0\"><input type=\"hidden\" name=\"action\" value=\"forminator_submit_form_custom-forms\"><\/form><\/div>\n\t\t\t\t\t\t<\/div>\n\t\t\t\t<\/div>\n\t\t\t\t<\/div>\n\t\t\t\t\t<\/div>\n\t\t\t\t<\/div>\n\t\t\t\t<\/div>\n\t\t","protected":false},"excerpt":{"rendered":"<p>A G\u00eanese do Objeto: Um Convite \u00e0 Imers\u00e3oAcreditamos que a compreens\u00e3o profunda de uma pe\u00e7a artesanal revela-se no sil\u00eancio do ateli\u00ea, onde o tempo \u00e9 medido pela precis\u00e3o de cada corte e pela cad\u00eancia do trabalho manual. Para aqueles que desejam testemunhar a transforma\u00e7\u00e3o da mat\u00e9ria-prima e participar da concep\u00e7\u00e3o de seus projetos, abrimos as [&hellip;]<\/p>\n","protected":false},"author":1,"featured_media":0,"parent":0,"menu_order":7,"comment_status":"closed","ping_status":"closed","template":"elementor_header_footer","meta":{"footnotes":""},"class_list":["post-5377","page","type-page","status-publish","hentry"],"_links":{"self":[{"href":"https:\/\/www.effigecrafts.com\/studio\/wp-json\/wp\/v2\/pages\/5377","targetHints":{"allow":["GET"]}}],"collection":[{"href":"https:\/\/www.effigecrafts.com\/studio\/wp-json\/wp\/v2\/pages"}],"about":[{"href":"https:\/\/www.effigecrafts.com\/studio\/wp-json\/wp\/v2\/types\/page"}],"author":[{"embeddable":true,"href":"https:\/\/www.effigecrafts.com\/studio\/wp-json\/wp\/v2\/users\/1"}],"replies":[{"embeddable":true,"href":"https:\/\/www.effigecrafts.com\/studio\/wp-json\/wp\/v2\/comments?post=5377"}],"version-history":[{"count":3,"href":"https:\/\/www.effigecrafts.com\/studio\/wp-json\/wp\/v2\/pages\/5377\/revisions"}],"predecessor-version":[{"id":5409,"href":"https:\/\/www.effigecrafts.com\/studio\/wp-json\/wp\/v2\/pages\/5377\/revisions\/5409"}],"wp:attachment":[{"href":"https:\/\/www.effigecrafts.com\/studio\/wp-json\/wp\/v2\/media?parent=5377"}],"curies":[{"name":"wp","href":"https:\/\/api.w.org\/{rel}","templated":true}]}}