{"id":5115,"date":"2026-03-17T09:28:44","date_gmt":"2026-03-17T12:28:44","guid":{"rendered":"https:\/\/www.effigecrafts.com\/studio\/?post_type=product&#038;p=5115"},"modified":"2026-04-03T21:49:38","modified_gmt":"2026-04-04T00:49:38","slug":"__trashed","status":"publish","type":"product","link":"https:\/\/www.effigecrafts.com\/studio\/produto\/__trashed\/","title":{"rendered":"Mochila de Couro Homeland"},"content":{"rendered":"<p>A mochila Homeland \u00e9 totalmente confeccionada em couro com o forro em brim especial, ela possui 3 bolsos externos, nos quais cabem todos os tipos de acess\u00f3rios que necessitam de acesso r\u00e1pido, no bolso externo frontal o espa\u00e7o lhe permite guardar gadgets, cabos, tablets, e at\u00e9 notebooks menores.<br \/>\nPensada para pessoas que querem a sua vis\u00e3o personificada de uma mochila perfeita que pode ser personalizada de acordo com o a sua vis\u00e3o de mochila perfeita.<br \/>\nO compartimento interno, \u00e9 amplo, seguro e pode acomodar sua muda de roupa para a academia ou um fim de semana fora de casa.<br \/>\nFoi criada para atender as necessidades de aventuras urbanas, dia-a-dia e bagagem on board de avi\u00f5es.<\/p>\n<p>Pe\u00e7as un\u00edt\u00e1rias com personalidade, todas as pe\u00e7as s\u00e3o exclusivas e numeradas 01\/01 s\u00f3 voc\u00ea vai ter essa, exclusiva.<\/p>\n<p>A combina\u00e7\u00e3o perfeita de materiais de qualidade indisput\u00e1vel, m\u00e3o de obra primorosa dotada de acabamentos e ferragens que fazem essa pe\u00e7a disputar com folga e ganhar, das grandes marcas l\u00edderes de mercado.<\/p>\n<p>Dimens\u00f5es: 45 cm(largura) x 37 cm (atura) x 15 cm ( profundidade)<\/p>\n","protected":false},"excerpt":{"rendered":"<p>Mochila em couro com compartimentos especiais forrados e pronta para qualquer aventura urbana.<br \/>\nPersonalize a sua com as cores e texturas que escolher em nosso estoque.<\/p>\n","protected":false},"featured_media":5137,"template":"","meta":[],"product_brand":[],"product_cat":[361],"product_tag":[],"class_list":{"0":"post-5115","1":"product","2":"type-product","3":"status-publish","4":"has-post-thumbnail","6":"product_cat-mochilas","8":"first","9":"onbackorder","10":"featured","11":"shipping-taxable","12":"purchasable","13":"product-type-simple"},"_links":{"self":[{"href":"https:\/\/www.effigecrafts.com\/studio\/wp-json\/wp\/v2\/product\/5115","targetHints":{"allow":["GET"]}}],"collection":[{"href":"https:\/\/www.effigecrafts.com\/studio\/wp-json\/wp\/v2\/product"}],"about":[{"href":"https:\/\/www.effigecrafts.com\/studio\/wp-json\/wp\/v2\/types\/product"}],"wp:featuredmedia":[{"embeddable":true,"href":"https:\/\/www.effigecrafts.com\/studio\/wp-json\/wp\/v2\/media\/5137"}],"wp:attachment":[{"href":"https:\/\/www.effigecrafts.com\/studio\/wp-json\/wp\/v2\/media?parent=5115"}],"wp:term":[{"taxonomy":"product_brand","embeddable":true,"href":"https:\/\/www.effigecrafts.com\/studio\/wp-json\/wp\/v2\/product_brand?post=5115"},{"taxonomy":"product_cat","embeddable":true,"href":"https:\/\/www.effigecrafts.com\/studio\/wp-json\/wp\/v2\/product_cat?post=5115"},{"taxonomy":"product_tag","embeddable":true,"href":"https:\/\/www.effigecrafts.com\/studio\/wp-json\/wp\/v2\/product_tag?post=5115"}],"curies":[{"name":"wp","href":"https:\/\/api.w.org\/{rel}","templated":true}]}}